{"id":874,"date":"2021-04-27T14:26:35","date_gmt":"2021-04-27T14:26:35","guid":{"rendered":"https:\/\/www.datacenterzug.com\/?page_id=874"},"modified":"2022-07-20T14:11:22","modified_gmt":"2022-07-20T14:11:22","slug":"874-2","status":"publish","type":"page","link":"https:\/\/www.datacenterzug.com\/en\/","title":{"rendered":"Datacenter Zug"},"content":{"rendered":"<p>[et_pb_section fb_built=&#8220;1&#8243; _builder_version=&#8220;4.9.7&#8243; _module_preset=&#8220;default&#8220; background_video_mp4=&#8220;https:\/\/www.datacenterzug.com\/wp-content\/uploads\/2021\/07\/Version-1_minimiert.mp4&#8243; min_height_last_edited=&#8220;off|phone&#8220; height=&#8220;940px&#8220; height_tablet=&#8220;440px&#8220; height_phone=&#8220;220px&#8220; height_last_edited=&#8220;on|tablet&#8220; global_colors_info=&#8220;{}&#8220;][\/et_pb_section][et_pb_section fb_built=&#8220;1&#8243; _builder_version=&#8220;4.9.4&#8243; _module_preset=&#8220;default&#8220; height=&#8220;451px&#8220; height_tablet=&#8220;653px&#8220; height_phone=&#8220;819px&#8220; height_last_edited=&#8220;on|phone&#8220; global_colors_info=&#8220;{}&#8220;][et_pb_row _builder_version=&#8220;4.9.4&#8243; _module_preset=&#8220;default&#8220; height=&#8220;365px&#8220; height_tablet=&#8220;590px&#8220; height_phone=&#8220;499px&#8220; height_last_edited=&#8220;on|phone&#8220; global_colors_info=&#8220;{}&#8220;][et_pb_column type=&#8220;4_4&#8243; _builder_version=&#8220;4.9.4&#8243; _module_preset=&#8220;default&#8220; global_colors_info=&#8220;{}&#8220;][et_pb_text _builder_version=&#8220;4.9.7&#8243; _module_preset=&#8220;default&#8220; text_font_size=&#8220;16px&#8220; header_font=&#8220;|700|||||||&#8220; header_text_color=&#8220;#D55C19&#8243; text_font_size_tablet=&#8220;15px&#8220; text_font_size_phone=&#8220;14px&#8220; text_font_size_last_edited=&#8220;on|phone&#8220; header_font_size_tablet=&#8220;25px&#8220; header_font_size_phone=&#8220;20px&#8220; header_font_size_last_edited=&#8220;on|desktop&#8220; global_colors_info=&#8220;{}&#8220;]<\/p>\n<h1>Ihr Datacenter in Zug<\/h1>\n<p>&nbsp;<\/p>\n<p><span>Wir legen grossen Wert darauf, alle Dienstleistungen und Services auf einer sicheren, stabilen und hochverf\u00fcgbaren Infrastruktur anzubieten. Ein modernes, 2010 erstelltes Datacenter im Herzen der Schweiz steht daf\u00fcr unseren Kunden, Partner und uns zur Verf\u00fcgung.<\/span><\/p>\n<p><span><\/span><\/p>\n<p><span><\/span><\/p>\n<p><span><\/span><\/p>\n<div class=\"et_pb_column et_pb_column_1_2 et_pb_column_1  et_pb_css_mix_blend_mode_passthrough\">\n<div class=\"et_pb_module et_pb_text et_pb_text_2  et_pb_text_align_left et_pb_bg_layout_light\">\n<div class=\"et_pb_text_inner\">\n<ul>\n<li>Biometrische Zutrittskontrolle<\/li>\n<li>Video\u00fcberwachung<\/li>\n<li>Zwei getrennte und abgesicherte Stromkreise<\/li>\n<li>Hochpr\u00e4zise Stromverbrauchsmessung<\/li>\n<li>Aufw\u00e4ndiges \u00f6kologisches Klimasystem mit Kaltgangeinhausung<\/li>\n<li>Dedizierte und abschliessbare Rack-Space<\/li>\n<\/ul>\n<\/div>\n<\/div>\n<\/div>\n<div class=\"et_pb_column et_pb_column_1_2 et_pb_column_2  et_pb_css_mix_blend_mode_passthrough et-last-child\">\n<div class=\"et_pb_module et_pb_text et_pb_text_3  et_pb_text_align_left et_pb_bg_layout_light\">\n<div class=\"et_pb_text_inner\">\n<ul>\n<li>Redundante Glasfasereinf\u00fchrung diverser Carrier<\/li>\n<li>Leistungsf\u00e4hige USV mit hoher Batteriekapazit\u00e4t<\/li>\n<li>Diesel-Notstromaggregat mit \u00dcberschussleistung<\/li>\n<li>Brandmeldeanlage mit Inergen-Gasl\u00f6schsystem<\/li>\n<li>7\u00d724 Netzwerk\u00fcberwachung<\/li>\n<li>T\u00e4gliches Backup der Systeme<\/li>\n<\/ul>\n<\/div>\n<\/div>\n<\/div>\n<p>[\/et_pb_text][\/et_pb_column][\/et_pb_row][et_pb_row _builder_version=&#8220;4.9.4&#8243; _module_preset=&#8220;default&#8220; global_colors_info=&#8220;{}&#8220;][et_pb_column type=&#8220;4_4&#8243; _builder_version=&#8220;4.9.4&#8243; _module_preset=&#8220;default&#8220; global_colors_info=&#8220;{}&#8220;][et_pb_button button_url=&#8220;https:\/\/www.acdalis.ch\/services\/&#8220; button_text=&#8220;erfahren Sie mehr&#8230;&#8220; _builder_version=&#8220;4.14.8&#8243; _module_preset=&#8220;default&#8220; custom_button=&#8220;on&#8220; button_text_size=&#8220;17px&#8220; button_text_color=&#8220;#D55C19&#8243; custom_margin=&#8220;10px||||false|false&#8220; custom_margin_tablet=&#8220;9px||||false|false&#8220; custom_margin_phone=&#8220;7px||||false|false&#8220; custom_margin_last_edited=&#8220;on|desktop&#8220; hover_enabled=&#8220;0&#8243; button_text_size_tablet=&#8220;14px&#8220; button_text_size_phone=&#8220;11px&#8220; button_text_size_last_edited=&#8220;on|desktop&#8220; global_colors_info=&#8220;{}&#8220; url_new_window=&#8220;on&#8220; sticky_enabled=&#8220;0&#8243;][\/et_pb_button][\/et_pb_column][\/et_pb_row][\/et_pb_section][et_pb_section fb_built=&#8220;1&#8243; _builder_version=&#8220;4.9.4&#8243; _module_preset=&#8220;default&#8220; global_colors_info=&#8220;{}&#8220;][et_pb_row _builder_version=&#8220;4.9.4&#8243; _module_preset=&#8220;default&#8220; custom_margin=&#8220;41px||||false|false&#8220; custom_margin_tablet=&#8220;44px||||false|false&#8220; custom_margin_phone=&#8220;27px||||false|false&#8220; custom_margin_last_edited=&#8220;on|phone&#8220; global_colors_info=&#8220;{}&#8220;][et_pb_column type=&#8220;4_4&#8243; _builder_version=&#8220;4.9.4&#8243; _module_preset=&#8220;default&#8220; global_colors_info=&#8220;{}&#8220;][et_pb_slider _builder_version=&#8220;4.9.7&#8243; _module_preset=&#8220;default&#8220; height=&#8220;700px&#8220; height_tablet=&#8220;400px&#8220; height_phone=&#8220;200px&#8220; height_last_edited=&#8220;on|phone&#8220; auto=&#8220;on&#8220; auto_speed=&#8220;3000&#8243; global_colors_info=&#8220;{}&#8220;][et_pb_slide _builder_version=&#8220;4.9.7&#8243; _module_preset=&#8220;default&#8220; background_image=&#8220;https:\/\/www.datacenterzug.com\/wp-content\/uploads\/2020\/07\/FRY9905.png&#8220; background_enable_image=&#8220;on&#8220; global_colors_info=&#8220;{}&#8220; sticky_transition=&#8220;on&#8220;][\/et_pb_slide][et_pb_slide _builder_version=&#8220;4.9.7&#8243; _module_preset=&#8220;default&#8220; background_image=&#8220;https:\/\/www.datacenterzug.com\/wp-content\/uploads\/2020\/07\/FRY0045.png&#8220; background_enable_image=&#8220;on&#8220; global_colors_info=&#8220;{}&#8220; sticky_transition=&#8220;on&#8220;][\/et_pb_slide][et_pb_slide _builder_version=&#8220;4.9.7&#8243; _module_preset=&#8220;default&#8220; background_image=&#8220;https:\/\/www.datacenterzug.com\/wp-content\/uploads\/2020\/07\/FRY0018.png&#8220; background_enable_image=&#8220;on&#8220; global_colors_info=&#8220;{}&#8220; sticky_transition=&#8220;on&#8220;][\/et_pb_slide][et_pb_slide _builder_version=&#8220;4.9.7&#8243; _module_preset=&#8220;default&#8220; background_image=&#8220;https:\/\/www.datacenterzug.com\/wp-content\/uploads\/2020\/07\/FRY0001.png&#8220; background_enable_image=&#8220;on&#8220; global_colors_info=&#8220;{}&#8220; sticky_transition=&#8220;on&#8220;][\/et_pb_slide][\/et_pb_slider][\/et_pb_column][\/et_pb_row][\/et_pb_section][et_pb_section fb_built=&#8220;1&#8243; _builder_version=&#8220;4.9.4&#8243; _module_preset=&#8220;default&#8220; height=&#8220;128px&#8220; height_tablet=&#8220;128px&#8220; height_phone=&#8220;100px&#8220; height_last_edited=&#8220;on|desktop&#8220; custom_margin=&#8220;-47px||||false|false&#8220; custom_margin_tablet=&#8220;-63px||||false|false&#8220; custom_margin_phone=&#8220;-103px||||false|false&#8220; custom_margin_last_edited=&#8220;on|phone&#8220; global_colors_info=&#8220;{}&#8220;][et_pb_row _builder_version=&#8220;4.9.4&#8243; _module_preset=&#8220;default&#8220; height_tablet=&#8220;590px&#8220; height_phone=&#8220;499px&#8220; height_last_edited=&#8220;off|desktop&#8220; global_colors_info=&#8220;{}&#8220;][et_pb_column type=&#8220;4_4&#8243; _builder_version=&#8220;4.9.4&#8243; _module_preset=&#8220;default&#8220; global_colors_info=&#8220;{}&#8220;][et_pb_text _builder_version=&#8220;4.9.4&#8243; _module_preset=&#8220;default&#8220; text_font_size=&#8220;16px&#8220; header_font=&#8220;|700|||||||&#8220; header_text_color=&#8220;#D55C19&#8243; text_font_size_tablet=&#8220;15px&#8220; text_font_size_phone=&#8220;14px&#8220; text_font_size_last_edited=&#8220;on|desktop&#8220; header_font_size_tablet=&#8220;25px&#8220; header_font_size_phone=&#8220;20px&#8220; header_font_size_last_edited=&#8220;on|phone&#8220; global_colors_info=&#8220;{}&#8220;]<\/p>\n<h1>Services<\/h1>\n<p>&nbsp;<\/p>\n<p>[\/et_pb_text][\/et_pb_column][\/et_pb_row][\/et_pb_section][et_pb_section fb_built=&#8220;1&#8243; _builder_version=&#8220;4.9.4&#8243; _module_preset=&#8220;default&#8220; custom_margin=&#8220;-53px||||false|false&#8220; custom_margin_tablet=&#8220;-52px||||false|false&#8220; custom_margin_phone=&#8220;-54px||||false|false&#8220; custom_margin_last_edited=&#8220;on|desktop&#8220; global_colors_info=&#8220;{}&#8220;][et_pb_row column_structure=&#8220;3_5,2_5&#8243; _builder_version=&#8220;4.9.4&#8243; _module_preset=&#8220;default&#8220; custom_margin=&#8220;1px||||false|false&#8220; custom_margin_tablet=&#8220;-21px||||false|false&#8220; custom_margin_phone=&#8220;-3px||||false|false&#8220; custom_margin_last_edited=&#8220;on|desktop&#8220; border_color_all=&#8220;#000000&#8243; global_colors_info=&#8220;{}&#8220;][et_pb_column type=&#8220;3_5&#8243; _builder_version=&#8220;4.9.4&#8243; _module_preset=&#8220;default&#8220; global_colors_info=&#8220;{}&#8220;][et_pb_text module_id=&#8220;colocation&#8220; _builder_version=&#8220;4.9.4&#8243; _module_preset=&#8220;default&#8220; header_2_font_size=&#8220;30px&#8220; transform_scale_tablet=&#8220;&#8220; transform_scale_phone=&#8220;&#8220; transform_scale_last_edited=&#8220;on|desktop&#8220; transform_translate_tablet=&#8220;0px|1px&#8220; transform_translate_phone=&#8220;&#8220; transform_translate_last_edited=&#8220;on|desktop&#8220; transform_rotate_tablet=&#8220;&#8220; transform_rotate_phone=&#8220;&#8220; transform_rotate_last_edited=&#8220;on|desktop&#8220; transform_skew_tablet=&#8220;&#8220; transform_skew_phone=&#8220;&#8220; transform_skew_last_edited=&#8220;on|desktop&#8220; transform_origin_tablet=&#8220;&#8220; transform_origin_phone=&#8220;&#8220; transform_origin_last_edited=&#8220;on|desktop&#8220; transform_styles_last_edited=&#8220;on|desktop&#8220; header_2_font_size_tablet=&#8220;25px&#8220; header_2_font_size_phone=&#8220;20px&#8220; header_2_font_size_last_edited=&#8220;on|tablet&#8220; transform_styles_tablet=&#8220;&#8220; transform_styles_phone=&#8220;&#8220; global_colors_info=&#8220;{}&#8220;]<\/p>\n<h2>colocation<\/h2>\n<p><strong>Bei Ihnen steht ein Ersatz der Server Infrastruktur, der Notstromversorgung oder der Klimatisierung im Serverraum an?<\/strong><\/p>\n<p>Statt einen eigenen Serverraum mit hohen Anforderungen an Stromversorgung und Klimatechnik zu unterhalten, mieten Sie bedarfsgerecht den ben\u00f6tigten Platz in unserem Datacenter in Zug. Neueste Alarm- und Zutrittskontrollsysteme, redundante Infrastruktur (Strom, Klima, etc.) stehen Ihnen zur Verf\u00fcgung.<\/p>\n<p>[\/et_pb_text][\/et_pb_column][et_pb_column type=&#8220;2_5&#8243; _builder_version=&#8220;4.9.4&#8243; _module_preset=&#8220;default&#8220; global_colors_info=&#8220;{}&#8220;][et_pb_image src=&#8220;https:\/\/www.datacenterzug.com\/wp-content\/uploads\/2021\/07\/colocation.jpg&#8220; alt=&#8220;colocation&#8220; title_text=&#8220;colocation&#8220; force_fullwidth=&#8220;on&#8220; _builder_version=&#8220;4.9.4&#8243; _module_preset=&#8220;default&#8220; height=&#8220;250px&#8220; height_tablet=&#8220;400px&#8220; height_phone=&#8220;200px&#8220; height_last_edited=&#8220;on|phone&#8220; global_colors_info=&#8220;{}&#8220;][\/et_pb_image][\/et_pb_column][\/et_pb_row][\/et_pb_section][et_pb_section fb_built=&#8220;1&#8243; fullwidth=&#8220;on&#8220; disabled_on=&#8220;on|on|off&#8220; _builder_version=&#8220;4.9.4&#8243; _module_preset=&#8220;default&#8220; background_image=&#8220;https:\/\/www.datacenterzug.com\/wp-content\/uploads\/2020\/07\/03.png&#8220; parallax=&#8220;on&#8220; height=&#8220;256px&#8220; height_tablet=&#8220;119px&#8220; height_phone=&#8220;69px&#8220; height_last_edited=&#8220;on|phone&#8220; global_colors_info=&#8220;{}&#8220;][\/et_pb_section][et_pb_section fb_built=&#8220;1&#8243; _builder_version=&#8220;4.9.4&#8243; _module_preset=&#8220;default&#8220; custom_margin=&#8220;-53px||||false|false&#8220; custom_margin_tablet=&#8220;-52px||||false|false&#8220; custom_margin_phone=&#8220;-54px||||false|false&#8220; custom_margin_last_edited=&#8220;on|desktop&#8220; global_colors_info=&#8220;{}&#8220;][et_pb_row column_structure=&#8220;3_5,2_5&#8243; _builder_version=&#8220;4.9.4&#8243; _module_preset=&#8220;default&#8220; custom_margin=&#8220;1px||||false|false&#8220; custom_margin_tablet=&#8220;-21px||||false|false&#8220; custom_margin_phone=&#8220;-3px||||false|false&#8220; custom_margin_last_edited=&#8220;on|desktop&#8220; border_color_all=&#8220;#000000&#8243; global_colors_info=&#8220;{}&#8220;][et_pb_column type=&#8220;3_5&#8243; _builder_version=&#8220;4.9.4&#8243; _module_preset=&#8220;default&#8220; global_colors_info=&#8220;{}&#8220;][et_pb_text module_id=&#8220;virtueller&#8220; _builder_version=&#8220;4.9.4&#8243; _module_preset=&#8220;default&#8220; header_2_font_size=&#8220;30px&#8220; transform_scale_tablet=&#8220;&#8220; transform_scale_phone=&#8220;&#8220; transform_scale_last_edited=&#8220;on|desktop&#8220; transform_translate_tablet=&#8220;0px|1px&#8220; transform_translate_phone=&#8220;&#8220; transform_translate_last_edited=&#8220;on|desktop&#8220; transform_rotate_tablet=&#8220;&#8220; transform_rotate_phone=&#8220;&#8220; transform_rotate_last_edited=&#8220;on|desktop&#8220; transform_skew_tablet=&#8220;&#8220; transform_skew_phone=&#8220;&#8220; transform_skew_last_edited=&#8220;on|desktop&#8220; transform_origin_tablet=&#8220;&#8220; transform_origin_phone=&#8220;&#8220; transform_origin_last_edited=&#8220;on|desktop&#8220; transform_styles_last_edited=&#8220;on|desktop&#8220; header_2_font_size_tablet=&#8220;25px&#8220; header_2_font_size_phone=&#8220;20px&#8220; header_2_font_size_last_edited=&#8220;on|tablet&#8220; transform_styles_tablet=&#8220;&#8220; transform_styles_phone=&#8220;&#8220; global_colors_info=&#8220;{}&#8220;]<\/p>\n<h2>virtueller server<\/h2>\n<p><strong>Brauchen Sie einen virtuellen Server f\u00fcr Ihre Applikation?<\/strong><\/p>\n<p><span>Unsere Platform as a Service (PaaS) Infrastruktur bietet einen hochverf\u00fcgbaren und sicheren Betrieb von Softwarel\u00f6sungen aus unserem Datacenter. Neben Virtualisierung, Storage und Backup aus dem Datacenter, erhalten Sie auch virtuelle Desktop\u2019s. Mittels einer VPN Verbindung beziehen Sie ihre komplette IT Infrastruktur aus unserem Datacenter, inkl. Lizenzen von Herstellern wie Microsoft, Citrix, etc.<\/span><\/p>\n<p>[\/et_pb_text][\/et_pb_column][et_pb_column type=&#8220;2_5&#8243; _builder_version=&#8220;4.9.4&#8243; _module_preset=&#8220;default&#8220; global_colors_info=&#8220;{}&#8220;][et_pb_image src=&#8220;https:\/\/www.datacenterzug.com\/wp-content\/uploads\/2021\/07\/virtueller-server.jpg&#8220; alt=&#8220;virtueller server&#8220; title_text=&#8220;virtueller server&#8220; force_fullwidth=&#8220;on&#8220; _builder_version=&#8220;4.9.4&#8243; _module_preset=&#8220;default&#8220; height=&#8220;250px&#8220; height_tablet=&#8220;400px&#8220; height_phone=&#8220;200px&#8220; height_last_edited=&#8220;on|phone&#8220; global_colors_info=&#8220;{}&#8220;][\/et_pb_image][\/et_pb_column][\/et_pb_row][\/et_pb_section][et_pb_section fb_built=&#8220;1&#8243; fullwidth=&#8220;on&#8220; disabled_on=&#8220;on|on|off&#8220; _builder_version=&#8220;4.9.4&#8243; _module_preset=&#8220;default&#8220; background_image=&#8220;https:\/\/www.datacenterzug.com\/wp-content\/uploads\/2020\/07\/Homepage-Bild-20.png&#8220; parallax=&#8220;on&#8220; height=&#8220;256px&#8220; height_tablet=&#8220;119px&#8220; height_phone=&#8220;69px&#8220; height_last_edited=&#8220;on|phone&#8220; global_colors_info=&#8220;{}&#8220;][\/et_pb_section][et_pb_section fb_built=&#8220;1&#8243; _builder_version=&#8220;4.9.4&#8243; _module_preset=&#8220;default&#8220; custom_margin=&#8220;-53px||||false|false&#8220; custom_margin_tablet=&#8220;-52px||||false|false&#8220; custom_margin_phone=&#8220;-54px||||false|false&#8220; custom_margin_last_edited=&#8220;on|desktop&#8220; global_colors_info=&#8220;{}&#8220;][et_pb_row column_structure=&#8220;3_5,2_5&#8243; _builder_version=&#8220;4.9.4&#8243; _module_preset=&#8220;default&#8220; custom_margin=&#8220;1px||||false|false&#8220; custom_margin_tablet=&#8220;-21px||||false|false&#8220; custom_margin_phone=&#8220;-3px||||false|false&#8220; custom_margin_last_edited=&#8220;on|desktop&#8220; border_color_all=&#8220;#000000&#8243; global_colors_info=&#8220;{}&#8220;][et_pb_column type=&#8220;3_5&#8243; _builder_version=&#8220;4.9.4&#8243; _module_preset=&#8220;default&#8220; global_colors_info=&#8220;{}&#8220;][et_pb_text module_id=&#8220;dedizierter&#8220; _builder_version=&#8220;4.9.4&#8243; _module_preset=&#8220;default&#8220; header_2_font_size=&#8220;30px&#8220; transform_scale_tablet=&#8220;&#8220; transform_scale_phone=&#8220;&#8220; transform_scale_last_edited=&#8220;on|desktop&#8220; transform_translate_tablet=&#8220;0px|1px&#8220; transform_translate_phone=&#8220;&#8220; transform_translate_last_edited=&#8220;on|desktop&#8220; transform_rotate_tablet=&#8220;&#8220; transform_rotate_phone=&#8220;&#8220; transform_rotate_last_edited=&#8220;on|desktop&#8220; transform_skew_tablet=&#8220;&#8220; transform_skew_phone=&#8220;&#8220; transform_skew_last_edited=&#8220;on|desktop&#8220; transform_origin_tablet=&#8220;&#8220; transform_origin_phone=&#8220;&#8220; transform_origin_last_edited=&#8220;on|desktop&#8220; transform_styles_last_edited=&#8220;on|desktop&#8220; header_2_font_size_tablet=&#8220;25px&#8220; header_2_font_size_phone=&#8220;20px&#8220; header_2_font_size_last_edited=&#8220;on|tablet&#8220; transform_styles_tablet=&#8220;&#8220; transform_styles_phone=&#8220;&#8220; global_colors_info=&#8220;{}&#8220;]<\/p>\n<h2>dedizierter server<\/h2>\n<p><strong>Sie haben einen eigenen Server oder mehrere, brauchen jedoch eine sichere, klimatisierte Umgebung f\u00fcr ihre Server?<\/strong><\/p>\n<p><span>Ihr dedizierter Server, der in einer gesicherten Umgebung betrieben wird. Bandbreite und Performance k\u00f6nnen alleine in einer komplett autarken Umgebung zur vollst\u00e4ndig eigenen Verwaltung genutzt werden. Sie w\u00e4hlen die Hardware und das passende Betriebssystem.<\/span><\/p>\n<p>[\/et_pb_text][\/et_pb_column][et_pb_column type=&#8220;2_5&#8243; _builder_version=&#8220;4.9.4&#8243; _module_preset=&#8220;default&#8220; global_colors_info=&#8220;{}&#8220;][et_pb_image src=&#8220;https:\/\/www.datacenterzug.com\/wp-content\/uploads\/2021\/07\/dedicated-server.jpg&#8220; alt=&#8220;dedicated-server&#8220; title_text=&#8220;dedicated-server&#8220; force_fullwidth=&#8220;on&#8220; _builder_version=&#8220;4.9.4&#8243; _module_preset=&#8220;default&#8220; height=&#8220;250px&#8220; height_tablet=&#8220;400px&#8220; height_phone=&#8220;200px&#8220; height_last_edited=&#8220;on|desktop&#8220; global_colors_info=&#8220;{}&#8220;][\/et_pb_image][\/et_pb_column][\/et_pb_row][\/et_pb_section][et_pb_section fb_built=&#8220;1&#8243; fullwidth=&#8220;on&#8220; disabled_on=&#8220;on|on|off&#8220; _builder_version=&#8220;4.9.4&#8243; _module_preset=&#8220;default&#8220; background_image=&#8220;https:\/\/www.datacenterzug.com\/wp-content\/uploads\/2020\/07\/Homepage-Bild-24.png&#8220; parallax=&#8220;on&#8220; height=&#8220;256px&#8220; height_tablet=&#8220;119px&#8220; height_phone=&#8220;69px&#8220; height_last_edited=&#8220;on|phone&#8220; global_colors_info=&#8220;{}&#8220;][\/et_pb_section][et_pb_section fb_built=&#8220;1&#8243; _builder_version=&#8220;4.9.4&#8243; _module_preset=&#8220;default&#8220; custom_margin=&#8220;-53px||||false|false&#8220; custom_margin_tablet=&#8220;-52px||||false|false&#8220; custom_margin_phone=&#8220;-54px||||false|false&#8220; custom_margin_last_edited=&#8220;on|desktop&#8220; global_colors_info=&#8220;{}&#8220;][et_pb_row column_structure=&#8220;3_5,2_5&#8243; _builder_version=&#8220;4.9.4&#8243; _module_preset=&#8220;default&#8220; custom_margin=&#8220;1px||||false|false&#8220; custom_margin_tablet=&#8220;-21px||||false|false&#8220; custom_margin_phone=&#8220;-3px||||false|false&#8220; custom_margin_last_edited=&#8220;on|desktop&#8220; border_color_all=&#8220;#000000&#8243; global_colors_info=&#8220;{}&#8220;][et_pb_column type=&#8220;3_5&#8243; _builder_version=&#8220;4.9.4&#8243; _module_preset=&#8220;default&#8220; global_colors_info=&#8220;{}&#8220;][et_pb_text module_id=&#8220;standort&#8220; _builder_version=&#8220;4.9.4&#8243; _module_preset=&#8220;default&#8220; header_2_font_size=&#8220;30px&#8220; transform_scale_tablet=&#8220;&#8220; transform_scale_phone=&#8220;&#8220; transform_scale_last_edited=&#8220;on|desktop&#8220; transform_translate_tablet=&#8220;0px|1px&#8220; transform_translate_phone=&#8220;&#8220; transform_translate_last_edited=&#8220;on|desktop&#8220; transform_rotate_tablet=&#8220;&#8220; transform_rotate_phone=&#8220;&#8220; transform_rotate_last_edited=&#8220;on|desktop&#8220; transform_skew_tablet=&#8220;&#8220; transform_skew_phone=&#8220;&#8220; transform_skew_last_edited=&#8220;on|desktop&#8220; transform_origin_tablet=&#8220;&#8220; transform_origin_phone=&#8220;&#8220; transform_origin_last_edited=&#8220;on|desktop&#8220; transform_styles_last_edited=&#8220;on|desktop&#8220; header_2_font_size_tablet=&#8220;25px&#8220; header_2_font_size_phone=&#8220;20px&#8220; header_2_font_size_last_edited=&#8220;on|tablet&#8220; transform_styles_tablet=&#8220;&#8220; transform_styles_phone=&#8220;&#8220; global_colors_info=&#8220;{}&#8220;]<\/p>\n<h2>standortvernetzung<\/h2>\n<p><strong>Sie brauchen einen super schnellen Internetanschluss? Suchen Sie eine Schweizer- oder weltweite Standortverbindung?<\/strong><\/p>\n<p><span>Wir vernetzen Ihr Unternehmen mittels IP-MPLS-Technologie, Punkt-zu-Punkt-Verbindung auf Kupfer- oder Glasfaserleitungen sicher und zuverl\u00e4ssig. Als unabh\u00e4ngiger Anbieter sind wir in der Lage, je nach Standort das beste Preis-Leistungsverh\u00e4ltnis zu erzielen.<\/span><\/p>\n<p>[\/et_pb_text][\/et_pb_column][et_pb_column type=&#8220;2_5&#8243; _builder_version=&#8220;4.9.4&#8243; _module_preset=&#8220;default&#8220; global_colors_info=&#8220;{}&#8220;][et_pb_image src=&#8220;https:\/\/www.datacenterzug.com\/wp-content\/uploads\/2021\/07\/standortvernetzung.jpg&#8220; alt=&#8220;standortvernetzung&#8220; title_text=&#8220;standortvernetzung&#8220; force_fullwidth=&#8220;on&#8220; _builder_version=&#8220;4.9.4&#8243; _module_preset=&#8220;default&#8220; height=&#8220;250px&#8220; height_tablet=&#8220;400px&#8220; height_phone=&#8220;200px&#8220; height_last_edited=&#8220;on|phone&#8220; global_colors_info=&#8220;{}&#8220;][\/et_pb_image][\/et_pb_column][\/et_pb_row][\/et_pb_section][et_pb_section fb_built=&#8220;1&#8243; fullwidth=&#8220;on&#8220; disabled_on=&#8220;on|on|off&#8220; _builder_version=&#8220;4.9.4&#8243; _module_preset=&#8220;default&#8220; background_image=&#8220;https:\/\/www.datacenterzug.com\/wp-content\/uploads\/2020\/07\/Homepage-Bild-50.png&#8220; parallax=&#8220;on&#8220; height=&#8220;208px&#8220; height_tablet=&#8220;119px&#8220; height_phone=&#8220;69px&#8220; height_last_edited=&#8220;on|phone&#8220; global_colors_info=&#8220;{}&#8220;][\/et_pb_section]<\/p>\n","protected":false},"excerpt":{"rendered":"<p>Ihr Datacenter in Zug &nbsp; Wir legen grossen Wert darauf, alle Dienstleistungen und Services auf einer sicheren, stabilen und hochverf\u00fcgbaren Infrastruktur anzubieten. Ein modernes, 2010 erstelltes Datacenter im Herzen der Schweiz steht daf\u00fcr unseren Kunden, Partner und uns zur Verf\u00fcgung. Biometrische Zutrittskontrolle Video\u00fcberwachung Zwei getrennte und abgesicherte Stromkreise Hochpr\u00e4zise Stromverbrauchsmessung Aufw\u00e4ndiges \u00f6kologisches Klimasystem mit Kaltgangeinhausung [&hellip;]<\/p>\n","protected":false},"author":1,"featured_media":0,"parent":0,"menu_order":0,"comment_status":"closed","ping_status":"closed","template":"","meta":{"_et_pb_use_builder":"on","_et_pb_old_content":"","_et_gb_content_width":""},"_links":{"self":[{"href":"https:\/\/www.datacenterzug.com\/en\/wp-json\/wp\/v2\/pages\/874"}],"collection":[{"href":"https:\/\/www.datacenterzug.com\/en\/wp-json\/wp\/v2\/pages"}],"about":[{"href":"https:\/\/www.datacenterzug.com\/en\/wp-json\/wp\/v2\/types\/page"}],"author":[{"embeddable":true,"href":"https:\/\/www.datacenterzug.com\/en\/wp-json\/wp\/v2\/users\/1"}],"replies":[{"embeddable":true,"href":"https:\/\/www.datacenterzug.com\/en\/wp-json\/wp\/v2\/comments?post=874"}],"version-history":[{"count":25,"href":"https:\/\/www.datacenterzug.com\/en\/wp-json\/wp\/v2\/pages\/874\/revisions"}],"predecessor-version":[{"id":963,"href":"https:\/\/www.datacenterzug.com\/en\/wp-json\/wp\/v2\/pages\/874\/revisions\/963"}],"wp:attachment":[{"href":"https:\/\/www.datacenterzug.com\/en\/wp-json\/wp\/v2\/media?parent=874"}],"curies":[{"name":"wp","href":"https:\/\/api.w.org\/{rel}","templated":true}]}}